{"id":5699,"date":"2018-12-28T18:02:18","date_gmt":"2018-12-28T17:02:18","guid":{"rendered":"https:\/\/loesnich.de\/wein\/"},"modified":"2018-12-29T18:49:30","modified_gmt":"2018-12-29T17:49:30","slug":"wein","status":"publish","type":"page","link":"https:\/\/loesnich.de\/en\/wein\/","title":{"rendered":"Wein"},"content":{"rendered":"<div id='av-layout-grid-1'  class='av-layout-grid-container entry-content-wrapper main_color av-fixed-cells     avia-builder-el-0  el_before_av_layout_row  avia-builder-el-first  container_wrap sidebar_right' style=' '  >\n<div class=\"flex_cell no_margin av_one_fourth  avia-builder-el-1  el_before_av_cell_one_fourth  avia-builder-el-first   av-zero-padding \"  style='height:15px; min-height:15px;vertical-align:top; padding:0px; background-color:#719430; ' ><div class='flex_cell_inner' ><\/div><\/div><div class=\"flex_cell no_margin av_one_fourth  avia-builder-el-2  el_after_av_cell_one_fourth  el_before_av_cell_one_fourth   av-zero-padding \"  style='height:15px; min-height:15px;vertical-align:top; padding:0px; background-color:#92bb46; ' ><div class='flex_cell_inner' ><\/div><\/div><div class=\"flex_cell no_margin av_one_fourth  avia-builder-el-3  el_after_av_cell_one_fourth  el_before_av_cell_one_fourth   av-zero-padding \"  style='height:15px; min-height:15px;vertical-align:top; padding:0px; background-color:#acd464; ' ><div class='flex_cell_inner' ><\/div><\/div><div class=\"flex_cell no_margin av_one_fourth  avia-builder-el-4  el_after_av_cell_one_fourth  avia-builder-el-last   av-zero-padding \"  style='height:15px; min-height:15px;vertical-align:top; padding:0px; background-color:#e1fbb2; ' ><div class='flex_cell_inner' ><\/div><\/div>\n<\/div>\n<div id='av-layout-grid-2'  class='av-layout-grid-container entry-content-wrapper main_color av-flex-cells     avia-builder-el-5  el_after_av_layout_row  el_before_av_layout_row  submenu-not-first container_wrap sidebar_right' style=' '  >\n<div class=\"flex_cell no_margin av_one_half  avia-builder-el-6  el_before_av_cell_one_half  avia-builder-el-first   avia-full-stretch \"  style='vertical-align:top; padding:100px; ' ><div class='flex_cell_inner' ><p><div  style='padding-bottom:30px; font-size:70px;' class='av-special-heading av-special-heading-h1  blockquote modern-quote  avia-builder-el-7  el_before_av_textblock  avia-builder-el-first  av-inherit-size '><h1 class='av-special-heading-tag '  itemprop=\"headline\"  >Der <u>Wein<\/u><\/h1><div class='special-heading-border'><div class='special-heading-inner-border' ><\/div><\/div><\/div><br \/>\n<section class=\"av_textblock_section \"  itemscope=\"itemscope\" itemtype=\"https:\/\/schema.org\/CreativeWork\" ><div class='avia_textblock  '   itemprop=\"text\" ><p>\u201eMan schmeckt den Schiefer im Wein, man atmet ihn in der Luft, man riecht ihn nach fl\u00fcchtigem Regen, wenn die Sonne die por\u00f6sen Schichten eilig trocknet und das samtene metallene Grau wieder aufblitzt unter den Rebst\u00f6cken, als ob die Trauben auch vom Boden noch die zur\u00fcckgeworfenen Sonnenpfeile aufzusammeln h\u00e4tten&#8230;.\u201c (Rudolf Bindig).<\/p>\n<p>Kein Weinbaugebiet der Welt kann so elegante, saftige und verspielte Weine erzeugen als die Mosel. Weine, die nicht nur wunderbar zu Trinken und Genie\u00dfen sind, sondern auch exzellente Essensbegleiter darstellen. International geh\u00f6ren \u201ewir\u201c zu den Gr\u00f6\u00dften. Ein Mosel geh\u00f6rt genauso in die Schatzkammer, wie ein Bordeaux oder Sautern.<\/p>\n<\/div><\/section><\/p>\n<\/div><\/div><div class=\"flex_cell no_margin av_one_half  avia-builder-el-9  el_after_av_cell_one_half  avia-builder-el-last   avia-full-stretch \"  style='background:url(https:\/\/loesnich.de\/wp-content\/uploads\/IMG_9398.jpg) center right no-repeat scroll; vertical-align:top; padding:100px; ' ><div class='flex_cell_inner' ><\/div><\/div><\/div><div id='av-layout-grid-3'  class='av-layout-grid-container entry-content-wrapper main_color av-flex-cells     avia-builder-el-10  el_after_av_layout_row  el_before_av_layout_row  submenu-not-first container_wrap sidebar_right' style=' '  >\n<div class=\"flex_cell no_margin av_one_half  avia-builder-el-11  el_before_av_cell_one_half  avia-builder-el-first   avia-full-stretch \"  style='background:url(https:\/\/loesnich.de\/wp-content\/uploads\/33688226_2122288244723410_5703100447439454208_o-1030x686.jpg) center left no-repeat scroll; vertical-align:top; padding:100px; ' ><div class='flex_cell_inner' ><\/div><\/div><div class=\"flex_cell no_margin av_one_half  avia-builder-el-12  el_after_av_cell_one_half  avia-builder-el-last   avia-full-stretch \"  style='vertical-align:top; padding:100px; ' ><div class='flex_cell_inner' ><p><div  style='padding-bottom:30px; font-size:70px;' class='av-special-heading av-special-heading-h1  blockquote modern-quote  avia-builder-el-13  el_before_av_textblock  avia-builder-el-first  av-inherit-size '><h1 class='av-special-heading-tag '  itemprop=\"headline\"  >Wein<u>lagen<\/u><\/h1><div class='special-heading-border'><div class='special-heading-inner-border' ><\/div><\/div><\/div><br \/>\n<section class=\"av_textblock_section \"  itemscope=\"itemscope\" itemtype=\"https:\/\/schema.org\/CreativeWork\" ><div class='avia_textblock  '   itemprop=\"text\" ><p>Seit \u00fcber 2000 Jahren finden wir den Weinanbau im Moseltal. Die L\u00f6snicher F\u00f6rsterlay ist das Herzst\u00fcck des Winzerd\u00f6rfchens und \u201eblickt\u201c aufrichtig auf die Einwohner und Winzer herab. Die kleine, aber sehr feine Steillage, wei\u00dft eine Gr\u00f6\u00dfe von knapp 10ha auf. Die Rebst\u00f6cke auf dem Prallhang befinden sich auf mittel- bis tiefgr\u00fcndigem Tonschieferverwitterungsboden. Dicht an dicht stehen hier die Reben, bis zu einer Steigung von 70% und sind geteilt durch die Bewirtschaftungswege. Diese sind erst Mitte der 90er Jahre im Zuge der Flurbereinigung angelegt worden und bewirken eine enorme Arbeitserleichterung f\u00fcr die Winzer. Die Lage hat eine SW-Exposition und prangt stolz, wie in einem Amphitheater, zur Mosel. \u00dcberwiegend Riesling wird hier nach alter Tradition an- und ausgebaut.<\/p>\n<p>Eine weitere Weinbergslage von L\u00f6snich, ist der \u201eL\u00f6snicher Burgberg\u201c, der sich auf dem Gleithang hinter dem Dorf befindet. Dort werden auf dem tiefgr\u00fcndigen Schwemmboden \u00fcberwiegend Zechweine angebaut, die wirtschaftlich einfacher zu bearbeiten sind.<\/p>\n<\/div><\/section><\/p>\n<\/div><\/div><\/div><div id='av-layout-grid-4'  class='av-layout-grid-container entry-content-wrapper main_color av-fixed-cells     avia-builder-el-15  el_after_av_layout_row  avia-builder-el-last  submenu-not-first container_wrap sidebar_right' style=' '  >\n<div class=\"flex_cell no_margin av_one_fourth  avia-builder-el-16  el_before_av_cell_one_fourth  avia-builder-el-first   av-zero-padding \"  style='height:15px; min-height:15px;vertical-align:top; padding:0px; background-color:#719430; ' ><div class='flex_cell_inner' ><\/div><\/div><div class=\"flex_cell no_margin av_one_fourth  avia-builder-el-17  el_after_av_cell_one_fourth  el_before_av_cell_one_fourth   av-zero-padding \"  style='height:15px; min-height:15px;vertical-align:top; padding:0px; background-color:#92bb46; ' ><div class='flex_cell_inner' ><\/div><\/div><div class=\"flex_cell no_margin av_one_fourth  avia-builder-el-18  el_after_av_cell_one_fourth  el_before_av_cell_one_fourth   av-zero-padding \"  style='height:15px; min-height:15px;vertical-align:top; padding:0px; background-color:#acd464; ' ><div class='flex_cell_inner' ><\/div><\/div><div class=\"flex_cell no_margin av_one_fourth  avia-builder-el-19  el_after_av_cell_one_fourth  avia-builder-el-last   av-zero-padding \"  style='height:15px; min-height:15px;vertical-align:top; padding:0px; background-color:#e1fbb2; ' ><div class='flex_cell_inner' ><\/div><\/div>\n<\/div><\/p>\n","protected":false},"excerpt":{"rendered":"","protected":false},"author":6,"featured_media":0,"parent":0,"menu_order":0,"comment_status":"closed","ping_status":"closed","template":"","meta":{"footnotes":""},"_links":{"self":[{"href":"https:\/\/loesnich.de\/en\/wp-json\/wp\/v2\/pages\/5699\/"}],"collection":[{"href":"https:\/\/loesnich.de\/en\/wp-json\/wp\/v2\/pages\/"}],"about":[{"href":"https:\/\/loesnich.de\/en\/wp-json\/wp\/v2\/types\/page\/"}],"author":[{"embeddable":true,"href":"https:\/\/loesnich.de\/en\/wp-json\/wp\/v2\/users\/6\/"}],"replies":[{"embeddable":true,"href":"https:\/\/loesnich.de\/en\/wp-json\/wp\/v2\/comments\/?post=5699"}],"version-history":[{"count":1,"href":"https:\/\/loesnich.de\/en\/wp-json\/wp\/v2\/pages\/5699\/revisions\/"}],"predecessor-version":[{"id":5701,"href":"https:\/\/loesnich.de\/en\/wp-json\/wp\/v2\/pages\/5699\/revisions\/5701\/"}],"wp:attachment":[{"href":"https:\/\/loesnich.de\/en\/wp-json\/wp\/v2\/media\/?parent=5699"}],"curies":[{"name":"wp","href":"https:\/\/api.w.org\/{rel}","templated":true}]}}